{"id":2,"date":"2015-06-22T16:19:37","date_gmt":"2015-06-22T14:19:37","guid":{"rendered":"http:\/\/rieger-elektrotechnik.de\/?page_id=2"},"modified":"2021-03-12T14:01:24","modified_gmt":"2021-03-12T13:01:24","slug":"beispiel-seite","status":"publish","type":"page","link":"https:\/\/rieger-elektrotechnik.de\/","title":{"rendered":"\u00dcber uns"},"content":{"rendered":"\n<div class=\"wp-block-image\"><figure class=\"alignright is-resized\"><img decoding=\"async\" src=\"http:\/\/rieger-elektrotechnik.de\/wp-content\/uploads\/ETR-Logo-wei\u00df-1024x731.png\" alt=\"\" class=\"wp-image-34\" width=\"124\" height=\"88\" srcset=\"https:\/\/rieger-elektrotechnik.de\/wp-content\/uploads\/ETR-Logo-wei\u00df-1024x731.png 1024w, https:\/\/rieger-elektrotechnik.de\/wp-content\/uploads\/ETR-Logo-wei\u00df-300x214.png 300w\" sizes=\"(max-width: 124px) 100vw, 124px\" \/><\/figure><\/div>\n\n\n\n<p>Wir sind ein im Jahr 2006 gegr\u00fcndetes Elektroinstallationsunternehmen und seit 2016 in L\u00fctzen ans\u00e4ssig. Als  Meisterbetrieb mit langj\u00e4hriger Erfahrung im Bereich Elektro sind wir Ihr zuverl\u00e4ssiger Partner rund um die Planung, Errichtung, Wartung und dem Service an Ihrer elektrotechnischen Anlage.<\/p>\n\n\n\n<p>Unser Gesch\u00e4ftsfeld deckt s\u00e4mtliche Bereiche der Elektroinstallation ab. <br>Wir beantragen ihren Elektroanschluss beim zust\u00e4ndigen Netzbetreiber, stellen ihre Baustromversorgung sicher, planen und errichten ihre Hausinstallation, f\u00fchren Wartungs- und Servicearbeiten an ihrer Bestandsanlage durch und pr\u00fcfen ihre elektrischen Betriebsmittel und Anlagen.<\/p>\n\n\n\n<p>Zu unserem T\u00e4tigkeitsgebiet geh\u00f6ren weiterhin die Planung und Errichtung von Kommunikationsanlagen, Empfangsanlagen f\u00fcr TV und Radio und die Errichtung von kabelgebundenen IT Netzwerken.<\/p>\n","protected":false},"excerpt":{"rendered":"<p>Wir sind ein im Jahr 2006 gegr\u00fcndetes Elektroinstallationsunternehmen und seit 2016 in L\u00fctzen ans\u00e4ssig. Als Meisterbetrieb mit langj\u00e4hriger Erfahrung im Bereich Elektro sind wir Ihr zuverl\u00e4ssiger Partner rund um die Planung, Errichtung, Wartung und dem Service an Ihrer elektrotechnischen Anlage. Unser Gesch\u00e4ftsfeld deckt s\u00e4mtliche Bereiche der Elektroinstallation ab. Wir beantragen ihren Elektroanschluss beim zust\u00e4ndigen Netzbetreiber, [&hellip;]<\/p>\n","protected":false},"author":1,"featured_media":0,"parent":0,"menu_order":0,"comment_status":"closed","ping_status":"closed","template":"","meta":{"footnotes":""},"class_list":["post-2","page","type-page","status-publish","hentry","entry"],"_links":{"self":[{"href":"https:\/\/rieger-elektrotechnik.de\/index.php\/wp-json\/wp\/v2\/pages\/2"}],"collection":[{"href":"https:\/\/rieger-elektrotechnik.de\/index.php\/wp-json\/wp\/v2\/pages"}],"about":[{"href":"https:\/\/rieger-elektrotechnik.de\/index.php\/wp-json\/wp\/v2\/types\/page"}],"author":[{"embeddable":true,"href":"https:\/\/rieger-elektrotechnik.de\/index.php\/wp-json\/wp\/v2\/users\/1"}],"replies":[{"embeddable":true,"href":"https:\/\/rieger-elektrotechnik.de\/index.php\/wp-json\/wp\/v2\/comments?post=2"}],"version-history":[{"count":35,"href":"https:\/\/rieger-elektrotechnik.de\/index.php\/wp-json\/wp\/v2\/pages\/2\/revisions"}],"predecessor-version":[{"id":201,"href":"https:\/\/rieger-elektrotechnik.de\/index.php\/wp-json\/wp\/v2\/pages\/2\/revisions\/201"}],"wp:attachment":[{"href":"https:\/\/rieger-elektrotechnik.de\/index.php\/wp-json\/wp\/v2\/media?parent=2"}],"curies":[{"name":"wp","href":"https:\/\/api.w.org\/{rel}","templated":true}]}}